{"id":2,"date":"2010-07-01T17:19:29","date_gmt":"2010-07-01T15:19:29","guid":{"rendered":"http:\/\/www.moisesmartinanaya.com\/blog\/?page_id=2"},"modified":"2015-09-09T12:57:34","modified_gmt":"2015-09-09T10:57:34","slug":"acerca-de","status":"publish","type":"page","link":"https:\/\/www.moisesmartinanaya.com\/blog\/acerca-de","title":{"rendered":"Datos personales"},"content":{"rendered":"<p><a href=\"http:\/\/www.moisesmartinanaya.com\/blog\/wp-content\/uploads\/2010\/01\/moises.jpg\"><img loading=\"lazy\" decoding=\"async\" class=\"alignright size-full wp-image-8\" title=\"Moises Mart\u00edn Anaya\" src=\"http:\/\/www.moisesmartinanaya.com\/blog\/wp-content\/uploads\/2010\/01\/moises.jpg\" alt=\"\" width=\"184\" height=\"120\" border=\"0\" \/><\/a>Licenciado en Medicina en la universidad de Salamanca y doctor cum laude en la misma universidad. Soy especialista en Cirug\u00eda Pl\u00e1stica Reparadora y Est\u00e9tica <a href=\"http:\/\/www.secpre.org\/index.php?option=com_sobi2&amp;sobi2Task=sobi2Details&amp;sobi2Id=383&amp;Itemid=53\" target=\"_blank\">(Secpre),<\/a> y miembro numerario de la Asociaci\u00f3n Espa\u00f1ola de Cirug\u00eda Est\u00e9tica y Pl\u00e1stica <a href=\"http:\/\/www.aecep.es\/asociados\/m_martin.htm\" target=\"_blank\">(Aecep)<\/a> y de la International Society of Plasticts Surgery <a href=\"http:\/\/www.ipras.org\/\" target=\"_blank\">(Ipras)<\/a> en la Federaci\u00f3n Iberoamericana de Cirug\u00eda Pl\u00e1stica.<\/p>\n<p>He publicado numerosos art\u00edculos en libros y revistas cient\u00edficas nacionales e internacionales, y he participado como ponente o profesor invitado en numerosos simposios, cursos y congresos tanto nacionales como internacionales de la especialidad. La investigaci\u00f3n y la constante actualizaci\u00f3n de los conocimientos en mi especialidad me permiten trabajar con las nuevas tecnolog\u00edas y t\u00e9cnicas que se desarrollan en el campo de la cirug\u00eda est\u00e9tica.<\/p>\n<p>Con m\u00e1s de 15 a\u00f1os de carrera profesional, desde 1997 ejerzo como especialista en cirug\u00eda pl\u00e1stica y est\u00e9tica en el hospital Virgen de la Paloma, en Madrid. Cuento con un <a href=\"http:\/\/www.moisesmartinanaya.com\/#profesionales\" target=\"_blank\">equipo m\u00e9dico<\/a> altamente cualificado, con rigor profesional, cuyos objetivos son siempre la seguridad en el tratamiento y la excelencia en la atenci\u00f3n al paciente.<\/p>\n<p style=\"text-align: center;\"><a href=\"http:\/\/www.moisesmartinanaya.com\/blog\/wp-content\/uploads\/2010\/01\/logos.jpg\"><img loading=\"lazy\" decoding=\"async\" class=\"aligncenter size-full wp-image-12\" title=\"logotipos asociaciones\" src=\"http:\/\/www.moisesmartinanaya.com\/blog\/wp-content\/uploads\/2010\/01\/logos.jpg\" alt=\"\" width=\"374\" height=\"70\" border=\"0\" srcset=\"https:\/\/www.moisesmartinanaya.com\/blog\/wp-content\/uploads\/2010\/01\/logos.jpg 457w, https:\/\/www.moisesmartinanaya.com\/blog\/wp-content\/uploads\/2010\/01\/logos-300x56.jpg 300w\" sizes=\"auto, (max-width: 374px) 100vw, 374px\" \/><\/a><\/p>\n","protected":false},"excerpt":{"rendered":"<p>Licenciado en Medicina en la universidad de Salamanca y doctor cum laude en la misma universidad. Soy especialista en Cirug\u00eda Pl\u00e1stica Reparadora y Est\u00e9tica (Secpre), y miembro numerario de la Asociaci\u00f3n Espa\u00f1ola de Cirug\u00eda Est\u00e9tica y Pl\u00e1stica (Aecep) y de la International Society of Plasticts Surgery (Ipras) en la Federaci\u00f3n Iberoamericana de Cirug\u00eda Pl\u00e1stica. He [&hellip;]<\/p>\n","protected":false},"author":1,"featured_media":0,"parent":0,"menu_order":0,"comment_status":"closed","ping_status":"closed","template":"","meta":{"footnotes":""},"class_list":["post-2","page","type-page","status-publish","hentry"],"_links":{"self":[{"href":"https:\/\/www.moisesmartinanaya.com\/blog\/wp-json\/wp\/v2\/pages\/2","targetHints":{"allow":["GET"]}}],"collection":[{"href":"https:\/\/www.moisesmartinanaya.com\/blog\/wp-json\/wp\/v2\/pages"}],"about":[{"href":"https:\/\/www.moisesmartinanaya.com\/blog\/wp-json\/wp\/v2\/types\/page"}],"author":[{"embeddable":true,"href":"https:\/\/www.moisesmartinanaya.com\/blog\/wp-json\/wp\/v2\/users\/1"}],"replies":[{"embeddable":true,"href":"https:\/\/www.moisesmartinanaya.com\/blog\/wp-json\/wp\/v2\/comments?post=2"}],"version-history":[{"count":21,"href":"https:\/\/www.moisesmartinanaya.com\/blog\/wp-json\/wp\/v2\/pages\/2\/revisions"}],"predecessor-version":[{"id":724,"href":"https:\/\/www.moisesmartinanaya.com\/blog\/wp-json\/wp\/v2\/pages\/2\/revisions\/724"}],"wp:attachment":[{"href":"https:\/\/www.moisesmartinanaya.com\/blog\/wp-json\/wp\/v2\/media?parent=2"}],"curies":[{"name":"wp","href":"https:\/\/api.w.org\/{rel}","templated":true}]}}